{"id":114,"date":"2022-04-06T19:39:55","date_gmt":"2022-04-06T19:39:55","guid":{"rendered":"http:\/\/dmmp.upb.ro\/?page_id=114"},"modified":"2022-04-06T20:32:01","modified_gmt":"2022-04-06T20:32:01","slug":"laboratoare","status":"publish","type":"page","link":"https:\/\/dmmp.upb.ro\/index.php\/laboratoare\/","title":{"rendered":"Laboratoare"},"content":{"rendered":"\n<h2 class=\"wp-block-heading\"><strong>Centru de prelucrare CNC<\/strong><\/h2>\n\n\n\n<p><strong><em>Prezentare:<\/em><\/strong><\/p>\n\n\n\n<p><strong><em>&nbsp;&nbsp;&nbsp;&nbsp;&nbsp;&nbsp;&nbsp;&nbsp;&nbsp;&nbsp;&nbsp;&nbsp;&nbsp;&nbsp; <\/em><\/strong>Centru de prelucrare cu comand\u0103 numeric\u0103&nbsp; pe trei axe \u015fi are posibilitatea de rotire a mesei de prelucrare ce poate fi considerat\u0103 o a parta ax\u0103. Totodat\u0103 are posibilitatea de a executa o pies\u0103 ce a fost prealabil realizat\u0103 \u00eentr-un program de modelare \u015fi simulare CATIA, important\u0103 \u00een limbaj ma\u015fina \u015fi apoi executat\u0103 cu ajutorul acestui utilaj.<\/p>\n\n\n\n<p><strong><em>Descrierea\u00a0 tehnico-stiintifica:<\/em><\/strong><\/p>\n\n\n\n<ul class=\"wp-block-list\"><li><strong>precizia de prelucrare 1\u03bcm ;<\/strong><\/li><li><strong>dimensiunile mesei 800 x 600 mm;<\/strong><\/li><li><strong>axe: X, Y, Z, A;<\/strong><\/li><li><strong>capacitate de stocare \u00een magazia de scule\u00a0 a 24 dispozitive portscul\u0103;<\/strong><\/li><li><strong>tura\u0163ia arborelui principal : 10000 rot\/min.<\/strong><\/li><\/ul>\n\n\n\n<p><strong><em>Aplicabilitate<\/em><\/strong><\/p>\n\n\n\n<p>\u00a0\u00a0\u00a0\u00a0\u00a0\u00a0\u00a0\u00a0\u00a0\u00a0\u00a0\u00a0\u00a0\u00a0 Pentru microprelucrari pe suprafe\u0163e de o precizie foarte ridicat\u0103 de odinul miconilor.<\/p>\n\n\n\n<div class=\"wp-block-columns is-layout-flex wp-container-core-columns-is-layout-9d6595d7 wp-block-columns-is-layout-flex\">\n<div class=\"wp-block-column is-layout-flow wp-block-column-is-layout-flow\">\n<div class=\"wp-block-image\"><figure class=\"alignright size-full is-resized\"><img loading=\"lazy\" decoding=\"async\" src=\"https:\/\/dmmp.upb.ro\/wp-content\/uploads\/2022\/04\/image-39.png\" alt=\"\" class=\"wp-image-184\" width=\"297\" height=\"299\" srcset=\"https:\/\/dmmp.upb.ro\/wp-content\/uploads\/2022\/04\/image-39.png 270w, https:\/\/dmmp.upb.ro\/wp-content\/uploads\/2022\/04\/image-39-150x150.png 150w, https:\/\/dmmp.upb.ro\/wp-content\/uploads\/2022\/04\/image-39-120x120.png 120w, https:\/\/dmmp.upb.ro\/wp-content\/uploads\/2022\/04\/image-39-105x105.png 105w\" sizes=\"auto, (max-width: 297px) 100vw, 297px\" \/><\/figure><\/div>\n<\/div>\n\n\n\n<div class=\"wp-block-column is-vertically-aligned-bottom is-layout-flow wp-block-column-is-layout-flow\">\n<div class=\"wp-block-image\"><figure class=\"alignleft size-full is-resized\"><img loading=\"lazy\" decoding=\"async\" src=\"https:\/\/dmmp.upb.ro\/wp-content\/uploads\/2022\/04\/image-41.png\" alt=\"\" class=\"wp-image-186\" width=\"211\" height=\"171\"\/><\/figure><\/div>\n<\/div>\n<\/div>\n\n\n\n<p><\/p>\n","protected":false},"excerpt":{"rendered":"<p>Centru de prelucrare CNC Prezentare: &nbsp;&nbsp;&nbsp;&nbsp;&nbsp;&nbsp;&nbsp;&nbsp;&nbsp;&nbsp;&nbsp;&nbsp;&nbsp;&nbsp; Centru de prelucrare cu comand\u0103 numeric\u0103&nbsp; pe trei axe \u015fi are posibilitatea de rotire a mesei de prelucrare ce poate fi considerat\u0103 o a parta ax\u0103. Totodat\u0103 are posibilitatea de a executa o pies\u0103 ce a fost prealabil realizat\u0103 \u00eentr-un program de modelare \u015fi simulare CATIA, important\u0103 \u00een limbaj<\/p>\n<p class=\"more-link\"><a href=\"https:\/\/dmmp.upb.ro\/index.php\/laboratoare\/\" class=\"themebutton\">Read More<\/a><\/p>\n","protected":false},"author":1,"featured_media":0,"parent":0,"menu_order":0,"comment_status":"closed","ping_status":"closed","template":"","meta":{"footnotes":""},"class_list":["post-114","page","type-page","status-publish","hentry"],"_links":{"self":[{"href":"https:\/\/dmmp.upb.ro\/index.php\/wp-json\/wp\/v2\/pages\/114","targetHints":{"allow":["GET"]}}],"collection":[{"href":"https:\/\/dmmp.upb.ro\/index.php\/wp-json\/wp\/v2\/pages"}],"about":[{"href":"https:\/\/dmmp.upb.ro\/index.php\/wp-json\/wp\/v2\/types\/page"}],"author":[{"embeddable":true,"href":"https:\/\/dmmp.upb.ro\/index.php\/wp-json\/wp\/v2\/users\/1"}],"replies":[{"embeddable":true,"href":"https:\/\/dmmp.upb.ro\/index.php\/wp-json\/wp\/v2\/comments?post=114"}],"version-history":[{"count":7,"href":"https:\/\/dmmp.upb.ro\/index.php\/wp-json\/wp\/v2\/pages\/114\/revisions"}],"predecessor-version":[{"id":191,"href":"https:\/\/dmmp.upb.ro\/index.php\/wp-json\/wp\/v2\/pages\/114\/revisions\/191"}],"wp:attachment":[{"href":"https:\/\/dmmp.upb.ro\/index.php\/wp-json\/wp\/v2\/media?parent=114"}],"curies":[{"name":"wp","href":"https:\/\/api.w.org\/{rel}","templated":true}]}}