{"id":16,"date":"2022-04-05T19:26:50","date_gmt":"2022-04-05T19:26:50","guid":{"rendered":"http:\/\/dmmp.upb.ro\/?page_id=16"},"modified":"2022-09-13T17:39:18","modified_gmt":"2022-09-13T17:39:18","slug":"admitere","status":"publish","type":"page","link":"https:\/\/dmmp.upb.ro\/index.php\/admitere\/","title":{"rendered":"Admitere"},"content":{"rendered":"\n<h2 class=\"wp-block-heading\">Sesiunea III Admitere &#8211; Licenta &#8211; pana pe 16 septembrie!<\/h2>\n\n\n\n<figure class=\"wp-block-image size-large is-resized\"><img loading=\"lazy\" decoding=\"async\" src=\"https:\/\/dmmp.upb.ro\/wp-content\/uploads\/2022\/09\/Licenta_SesiuneaIII-1024x728.jpg\" alt=\"\" class=\"wp-image-260\" width=\"775\" height=\"551\" srcset=\"https:\/\/dmmp.upb.ro\/wp-content\/uploads\/2022\/09\/Licenta_SesiuneaIII-1024x728.jpg 1024w, https:\/\/dmmp.upb.ro\/wp-content\/uploads\/2022\/09\/Licenta_SesiuneaIII-300x213.jpg 300w, https:\/\/dmmp.upb.ro\/wp-content\/uploads\/2022\/09\/Licenta_SesiuneaIII-768x546.jpg 768w, https:\/\/dmmp.upb.ro\/wp-content\/uploads\/2022\/09\/Licenta_SesiuneaIII.jpg 1153w\" sizes=\"auto, (max-width: 775px) 100vw, 775px\" \/><\/figure>\n\n\n\n<p>Detalii pe site-ul Universitatii: <a href=\"https:\/\/admitere.pub.ro\/Admitere\/site\/infogen\" target=\"_blank\" rel=\"noreferrer noopener\">https:\/\/admitere.pub.ro\/Admitere\/site\/infogen<\/a><\/p>\n\n\n\n<h2 class=\"wp-block-heading\"> Sesiunea III Admitere &#8211; Master &#8211; pana pe 19 septembrie! <\/h2>\n\n\n\n<p>Detalii pe site-ul Universitatii: <a href=\"https:\/\/admitere.pub.ro\/Admitere\/site\/infogen\" target=\"_blank\" rel=\"noreferrer noopener\">https:\/\/admitere.pub.ro\/Admitere\/site\/infogen<\/a><\/p>\n\n\n\n<h2 class=\"wp-block-heading\">Au avut loc Sesiunile I si II de Admitere!<\/h2>\n\n\n\n<div class=\"wp-block-image is-style-rounded\"><figure class=\"aligncenter size-full is-resized\"><img loading=\"lazy\" decoding=\"async\" src=\"https:\/\/dmmp.upb.ro\/wp-content\/uploads\/2022\/04\/admitere_bosh-mob-day_2.jpg\" alt=\"\" class=\"wp-image-49\" width=\"582\" height=\"389\" srcset=\"https:\/\/dmmp.upb.ro\/wp-content\/uploads\/2022\/04\/admitere_bosh-mob-day_2.jpg 768w, https:\/\/dmmp.upb.ro\/wp-content\/uploads\/2022\/04\/admitere_bosh-mob-day_2-300x200.jpg 300w, https:\/\/dmmp.upb.ro\/wp-content\/uploads\/2022\/04\/admitere_bosh-mob-day_2-570x380.jpg 570w, https:\/\/dmmp.upb.ro\/wp-content\/uploads\/2022\/04\/admitere_bosh-mob-day_2-380x254.jpg 380w, https:\/\/dmmp.upb.ro\/wp-content\/uploads\/2022\/04\/admitere_bosh-mob-day_2-285x190.jpg 285w\" sizes=\"auto, (max-width: 582px) 100vw, 582px\" \/><\/figure><\/div>\n\n\n\n<p><strong>Informa\u021bii importante:<\/strong><strong><\/strong><\/p>\n\n\n\n<ul class=\"wp-block-list\"><li>\u00censcrierile se fac online, prin intermediul platformei&nbsp;&nbsp;<a href=\"https:\/\/admitere.pub.ro\/\">admitere.pub.ro<\/a><\/li><li>Aici puteti face un tur virtual al Facultatii de Inginerie Mecanica si Mecatronica!<\/li><li>Regulamentul valabil pentru sesiunea 2022 este disponibil aici.<\/li><li>Ghid admitere UPB 2022<\/li><\/ul>\n\n\n\n<p>Pentru informatii suplimentare ne puteti contacta la adresa de e-mail admitere.fimm@upb.ro sau prin telefon&nbsp;<a href=\"http:\/\/7.146.166.242\/\" target=\"_blank\" rel=\"noreferrer noopener\">0744 523 362<\/a>.<\/p>\n\n\n\n<p>\u00cen 2022&nbsp;<strong>Concursul de admitere<\/strong>&nbsp;se desf\u0103\u0219oar\u0103 \u00een mai multe sesiuni, fiecare \u00een parte cu trei faze distincte:<\/p>\n\n\n\n<ul class=\"wp-block-list\"><li><strong>Sesiunea I \u2013 Admitere anticipat\u0103<\/strong>&nbsp;(concurs de dosare&nbsp;cu fazele&nbsp;<em>\u00censcriere, Admitere preliminar\u0103, Admitere \u2013 Etapa II \u2013 Validare, confirmare loc, participare la glisare -op\u021bional*-, \u00eenscriere \u00een anul I \u0219i \u00eenmatriculare admi\u0219i anticipat<\/em>)<\/li><li><strong>Sesiunea II \u2013 Admitere<\/strong>&nbsp;(concurs cu probe scrise&nbsp;cu fazele&nbsp;<em>\u00censcriere, Admitere preliminar\u0103, Admitere \u2013 Etapa II \u2013 Validare, confirmare loc, participare la glisare -op\u021bional*-, \u00eenscriere \u00een anul I \u0219i \u00eenmatriculare admi\u0219i<\/em>)<\/li><li><strong>Sesiunea III \u2013 Admitere-completare<\/strong><\/li><\/ul>\n\n\n\n<p><strong>Facultatea de Inginerie Mecanic\u0103 \u0219i Mecatronic\u0103&nbsp;organizeaz\u0103 concurs de admitere pentru sesiunea de admitere 2022, la urm\u0103toarele domenii de studii coordonate de Departamentul de Mecanic\u0103 Fin\u0103 \u0219i Nanotehnologii:<\/strong><\/p>\n\n\n\n<p>Program de studiu: &nbsp;Optometrie (<a href=\"https:\/\/www.facebook.com\/OptometrieUPB\">Facebook<\/a>), Domeniul: \u0218tiin\u021be inginere\u0219ti aplicate, Num\u0103r total locuri: 25 la buget \u0219i 10 Tax\u0103 (pentru toate programele de studiu din domeniul Inginerie Mecanic\u0103) din care sunt disponibile 18 la buget&nbsp;locuri \u00een sesiunea 1.&nbsp;<a href=\"http:\/\/www.mecanica.pub.ro\/new\/wp-content\/uploads\/2021\/04\/OPTO.pdf\">Click aici pentru o scurt\u0103 prezentare<\/a><\/p>\n\n\n\n<p>Program de studiu: &nbsp;Mecatronica si Robotica (<a href=\"https:\/\/www.facebook.com\/Mecatronica.Mecanica.UPB\">Facebook<\/a>), Domeniul: \u0218tiin\u021be inginere\u0219ti aplicate, Num\u0103r total locuri: 78 la buget \u0219i 20 Tax\u0103 (pentru toate programele de studiu din domeniul Inginerie Mecanic\u0103) din care sunt disponibile 56 la buget&nbsp;locuri \u00een sesiunea 1.&nbsp;<a href=\"http:\/\/www.mecanica.pub.ro\/new\/wp-content\/uploads\/2021\/04\/MK.pdf\">Click aici pentru o scurt\u0103 prezentare<\/a><\/p>\n\n\n\n<p>Program de studiu: &nbsp;Mecanic\u0103 Fin\u0103 \u0219i Nanotehnologii (<a href=\"https:\/\/www.facebook.com\/Mecatronica.Mecanica.UPB\">Facebook<\/a>), Domeniul: Inginerie Mecanic\u0103, Num\u0103r total locuri: 145 la buget \u0219i 50 Tax\u0103 (pentru toate programele de studiu din domeniul Inginerie Mecanic\u0103) din care sunt disponibile 102 la buget&nbsp;locuri \u00een sesiunea 1.&nbsp;<a href=\"http:\/\/www.mecanica.pub.ro\/new\/wp-content\/uploads\/2021\/04\/MFN.pdf\">Click aici pentru o scurt\u0103 prezentare<\/a><\/p>\n\n\n\n<h3 class=\"wp-block-heading\">Preg\u0103tire \u0219i competen\u021be<\/h3>\n\n\n\n<p><strong>MECATRONIC\u0102<\/strong>&nbsp;\u2013 integrarea electronicii \u0219i informaticii \u00een produsele \u0219i sistemele mecanice, proiectare \u0219i fabrica\u021bie asistate de calculator, sisteme automate de pozi\u021bionare precis\u0103, senzori \u0219i achizi\u021bii de date, robotic\u0103 \u0219i microrobotic\u0103, mecatronic\u0103 \u00een medicin\u0103;<\/p>\n\n\n\n<p><strong>MECANIC\u0102 FIN\u0102 \u0218I NANOTEHNOLOGII<\/strong>&nbsp;\u2013 aparate \u0219i sisteme de m\u0103surare optice \u0219i biomedicale, echipamente periferice \u0219i birotic\u0103, echipamente \u0219i sisteme de automatizare, action\u0103ri de precizie;<\/p>\n\n\n\n<p><strong>OPTOMETRIE<\/strong>&nbsp;\u2013 preg\u0103tire tehnic\u0103 \u0219i medical\u0103 pentru stabilirea \u0219i m\u0103suratea defectelor de vedere, precum \u0219i pentru realizarea mijloacelor de compensare sau corectare ale acestora (ochelari, lentile de contact).&nbsp;<a href=\"http:\/\/www.mecatronica.pub.ro\/?p=751\">Mai multe informatii puteti vedea aici<\/a><\/p>\n","protected":false},"excerpt":{"rendered":"<p>Sesiunea III Admitere &#8211; Licenta &#8211; pana pe 16 septembrie! Detalii pe site-ul Universitatii: https:\/\/admitere.pub.ro\/Admitere\/site\/infogen Sesiunea III Admitere &#8211; Master &#8211; pana pe 19 septembrie! Detalii pe site-ul Universitatii: https:\/\/admitere.pub.ro\/Admitere\/site\/infogen Au avut loc Sesiunile I si II de Admitere! Informa\u021bii importante: \u00censcrierile se fac online, prin intermediul platformei&nbsp;&nbsp;admitere.pub.ro Aici puteti face un tur virtual al<\/p>\n<p class=\"more-link\"><a href=\"https:\/\/dmmp.upb.ro\/index.php\/admitere\/\" class=\"themebutton\">Read More<\/a><\/p>\n","protected":false},"author":1,"featured_media":0,"parent":0,"menu_order":0,"comment_status":"closed","ping_status":"closed","template":"","meta":{"footnotes":""},"class_list":["post-16","page","type-page","status-publish","hentry"],"_links":{"self":[{"href":"https:\/\/dmmp.upb.ro\/index.php\/wp-json\/wp\/v2\/pages\/16","targetHints":{"allow":["GET"]}}],"collection":[{"href":"https:\/\/dmmp.upb.ro\/index.php\/wp-json\/wp\/v2\/pages"}],"about":[{"href":"https:\/\/dmmp.upb.ro\/index.php\/wp-json\/wp\/v2\/types\/page"}],"author":[{"embeddable":true,"href":"https:\/\/dmmp.upb.ro\/index.php\/wp-json\/wp\/v2\/users\/1"}],"replies":[{"embeddable":true,"href":"https:\/\/dmmp.upb.ro\/index.php\/wp-json\/wp\/v2\/comments?post=16"}],"version-history":[{"count":7,"href":"https:\/\/dmmp.upb.ro\/index.php\/wp-json\/wp\/v2\/pages\/16\/revisions"}],"predecessor-version":[{"id":269,"href":"https:\/\/dmmp.upb.ro\/index.php\/wp-json\/wp\/v2\/pages\/16\/revisions\/269"}],"wp:attachment":[{"href":"https:\/\/dmmp.upb.ro\/index.php\/wp-json\/wp\/v2\/media?parent=16"}],"curies":[{"name":"wp","href":"https:\/\/api.w.org\/{rel}","templated":true}]}}