{"id":18,"date":"2022-04-05T19:28:20","date_gmt":"2022-04-05T19:28:20","guid":{"rendered":"http:\/\/dmmp.upb.ro\/?page_id=18"},"modified":"2022-04-06T20:11:53","modified_gmt":"2022-04-06T20:11:53","slug":"admitere-master","status":"publish","type":"page","link":"https:\/\/dmmp.upb.ro\/index.php\/admitere-master\/","title":{"rendered":"Admitere master"},"content":{"rendered":"\n<h2 class=\"wp-block-heading\">Studii de Masterat<\/h2>\n\n\n\n<figure class=\"wp-block-table is-style-stripes\"><table class=\"has-text-color has-background\" style=\"background-color:#c3f0de;color:#3f3e3e\"><tbody><tr><td><strong><span class=\"has-inline-color has-vivid-purple-color\">Domenii de Masterat<\/span><\/strong><\/td><td><strong><span class=\"has-inline-color has-vivid-purple-color\">Programul de studii<\/span><\/strong><\/td><td><strong><span class=\"has-inline-color has-vivid-purple-color\">Numar locuri<\/span><\/strong><\/td><\/tr><tr><td>Mecatronic\u0103 \u0219i robotic\u0103<\/td><td>Mecatronic\u0103 avansat\u0103<\/td><td>40<\/td><\/tr><tr><td>Inginerie mecanic\u0103<\/td><td>Mecanic\u0103 de precizie pentru sisteme mecatronice<\/td><td>25<\/td><\/tr><tr><td>\u0218tiin\u021be inginere\u0219ti aplicate<\/td><td>Optometrie avansat\u0103<\/td><td>25<\/td><\/tr><\/tbody><\/table><\/figure>\n\n\n\n<h3 class=\"wp-block-heading\">Sesiunea iulie 2022<\/h3>\n\n\n\n<h3 class=\"wp-block-heading\">Preg\u0103tire \u0219i competen\u021be<\/h3>\n\n\n\n<p>Conceput ca o continuare a studiilor de licen\u021b\u0103, programul de master&nbsp;<strong>MECATRONICA AVANSAT<\/strong>\u0102 asigur\u0103 aprofundarea \u00een domeniul programului de licen\u021b\u0103 \u2013 Mecatronic\u0103, \u0219i constituie o op\u021biune atractiv\u0103 \u0219i pentru absolven\u021bii programului Mecanica fina si Nanotehnologii. El asigura dezvoltarea capacita\u021bilor de cercetare \u0219tiin\u021bific\u0103 si constituie o baza preg\u0103titoare obligatorie pentru studiile doctorale.<\/p>\n\n\n\n<p>Preg\u0103tirea prin masteratul intitulat \u201cMecatronica avansata\u201d de la Facultatea de Inginerie<\/p>\n\n\n\n<p>Mecanica si Mecatronic\u0103 are ca obiectiv primordial asigurarea cuno\u0219tin\u021belor teoretice si practice pentru formarea unui specialist cu preg\u0103tire interdisciplinara, capabil s\u0103 conceap\u0103 sisteme mecatronice de \u00eenalta performanta, sa asigure mentenan\u021ba sistemelor mecatronice din produc\u021bie si servicii sau sa lucreze \u00een cercetare-dezvoltare, asigur\u00e2nd managementul proiectelor integrate.<\/p>\n\n\n\n<p>Programul de master&nbsp;<strong>MECANIC\u0102 DE PRECIZIE PENTRU SISTEME MECATRONICE<\/strong>&nbsp;este un program formativ \u015fi de cercetare, care are misiunea de a transmite cuno\u015ftin\u0163e aprofundate \u015fi a dezvolta competen\u0163e \u00een subdomeniile transdisciplinare ale ingineriei mecanice i mecatronice, \u00een concordan\u0163\u0103 cu tendin\u0163ele moderne ale tehnicii, pentru a realiza o combina\u0163ie sinergetic\u0103 \u00eentre mecanica de precizie, sistemele electronice de comand\u0103 \u015fi control, respectiv informatic\u0103, \u00een scopul proiect\u0103rii, realiz\u0103rii, punerii \u00een func\u0163iune \u015fi exploat\u0103rii de sisteme tehnice inteligente.<\/p>\n\n\n\n<p>Mecanica de precizie are o leg\u0103tura natural\u0103 cu mecatronica, fiind parte a triadei mecanic\u0103 de precizie \u2013 electronic\u0103 \u2013 informatic\u0103, fapt reflectat \u00een planul de \u00eenv\u0103 \u0103m\u00e2nt al acestui program de studiu.<\/p>\n\n\n\n<p>\u00cen consecin \u0103 disciplinele propuse \u00een planul de \u00eenv\u0103\u0163\u0103m\u00e2nt al masteratului MPSM urm\u0103resc completarea cuno\u015ftin\u0163elor fundamentale dob\u00e2ndite de studen\u0163i \u00een cadrul ciclului de licen\u0163\u0103, prin abordarea unor tematici complementare ce vizeaz\u0103 domenii ale \u015ftiin\u0163ei cu performan\u0163e de v\u00e2rf \u00een implementarea noilor tehnologii, \u00een ingineria micro \u015fi nano-senzorilor \u015fi sistemelor de ac\u0163ionare, a materialelor active \u015fi \u201cinteligente\u201d, \u00een perspectiva implement\u0103rii acestora la scar\u0103 micro- \u015fi nanometric\u0103.<\/p>\n\n\n\n<p>Detalii despre Admitere Masterat pot fi consultate pe site-ul UPB la:&nbsp;<a href=\"https:\/\/upb.ro\/admitere\/admitere-masterat\/\" target=\"_blank\" rel=\"noreferrer noopener\">https:\/\/admitere.pub.ro\/<\/a><\/p>\n","protected":false},"excerpt":{"rendered":"<p>Studii de Masterat Domenii de Masterat Programul de studii Numar locuri Mecatronic\u0103 \u0219i robotic\u0103 Mecatronic\u0103 avansat\u0103 40 Inginerie mecanic\u0103 Mecanic\u0103 de precizie pentru sisteme mecatronice 25 \u0218tiin\u021be inginere\u0219ti aplicate Optometrie avansat\u0103 25 Sesiunea iulie 2022 Preg\u0103tire \u0219i competen\u021be Conceput ca o continuare a studiilor de licen\u021b\u0103, programul de master&nbsp;MECATRONICA AVANSAT\u0102 asigur\u0103 aprofundarea \u00een domeniul programului<\/p>\n<p class=\"more-link\"><a href=\"https:\/\/dmmp.upb.ro\/index.php\/admitere-master\/\" class=\"themebutton\">Read More<\/a><\/p>\n","protected":false},"author":1,"featured_media":0,"parent":0,"menu_order":0,"comment_status":"closed","ping_status":"closed","template":"","meta":{"footnotes":""},"class_list":["post-18","page","type-page","status-publish","hentry"],"_links":{"self":[{"href":"https:\/\/dmmp.upb.ro\/index.php\/wp-json\/wp\/v2\/pages\/18","targetHints":{"allow":["GET"]}}],"collection":[{"href":"https:\/\/dmmp.upb.ro\/index.php\/wp-json\/wp\/v2\/pages"}],"about":[{"href":"https:\/\/dmmp.upb.ro\/index.php\/wp-json\/wp\/v2\/types\/page"}],"author":[{"embeddable":true,"href":"https:\/\/dmmp.upb.ro\/index.php\/wp-json\/wp\/v2\/users\/1"}],"replies":[{"embeddable":true,"href":"https:\/\/dmmp.upb.ro\/index.php\/wp-json\/wp\/v2\/comments?post=18"}],"version-history":[{"count":9,"href":"https:\/\/dmmp.upb.ro\/index.php\/wp-json\/wp\/v2\/pages\/18\/revisions"}],"predecessor-version":[{"id":174,"href":"https:\/\/dmmp.upb.ro\/index.php\/wp-json\/wp\/v2\/pages\/18\/revisions\/174"}],"wp:attachment":[{"href":"https:\/\/dmmp.upb.ro\/index.php\/wp-json\/wp\/v2\/media?parent=18"}],"curies":[{"name":"wp","href":"https:\/\/api.w.org\/{rel}","templated":true}]}}