{"id":236,"date":"2022-05-27T12:50:39","date_gmt":"2022-05-27T12:50:39","guid":{"rendered":"http:\/\/dmmp.upb.ro\/?page_id=236"},"modified":"2022-05-30T06:11:52","modified_gmt":"2022-05-30T06:11:52","slug":"cominicari-stiintifice-2022","status":"publish","type":"page","link":"https:\/\/dmmp.upb.ro\/index.php\/cominicari-stiintifice-2022\/","title":{"rendered":"Comunicari Stiintifice 2022"},"content":{"rendered":"\n<h1 class=\"wp-block-heading\">Sesiunea de Comunicari Stiintifice Studentesti 2022<\/h1>\n\n\n\n<p>\u00cen ziua de 13 mai 2022 a avut loc la Departamentul Mecatronic\u0103 \u0219i Mecanic\u0103 de Precizie din cadrul Facult\u0103\u0163ii de Inginerie Mecanic\u0103 \u015fi Mecatronic\u0103, Sesiunea de Comunic\u0103ri \u015etiin\u0163ifice Studen\u0163e\u015fti 2022.<\/p>\n\n\n\n<p><strong>Sec\u0163iunea 05 \u2013 5, Mecanic\u0103 fin\u0103 \u0219i nanotehnologii<\/strong><\/p>\n\n\n\n<p><strong>COMISIA DE EXAMINARE:<\/strong><br>Conf. dr. ing. Ciprian Ion RIZESCU &#8211; pre\u0219edinte<br>Conf. dr. ing. Daniel BESNEA &#8211; membru<br>\u0218. l. dr. ing. Viorel GHEORGHE &#8211; membru<br>\u0218. l. dr. ing. Mircea NISTOR &#8211; membru<br>As. drd. ing. Corina COBZAC \u2013 secretar<\/p>\n\n\n\n<p><strong>Premiul I \u00een valoare de 400 lei pentru lucrarea:<\/strong><br>Sistem electromecanic monitorizat de la distan\u021b\u0103<br>Student: Petre M\u0103d\u0103lin TURLUIANU, anul IV Mecanic\u0103 Fin\u0103 \u0219i Nanotehnologii, Facultatea de Inginerie Mecanic\u0103 \u0219i Mecatronic\u0103<br>Conduc\u0103tori \u015ftiin\u0163ifici: \u0218. l. dr. ing. Viorel GHEORGHE, \u0218. l. dr. ing. Ioana UDREA<\/p>\n\n\n\n<p><strong>Premiul II \u00een valoare de 300 lei pentru lucrarea:<\/strong><br>Prototip de vehicul spa\u021bial<br>Student: Adrian &#8211; Florin ANTON, anul IV Mecanic\u0103 Fin\u0103 \u0219i Nanotehnologii, Facultatea de Inginerie Mecanic\u0103 \u0219i Mecatronic\u0103<br>Conduc\u0103tor \u015ftiin\u0163ific: \u0218. l. dr. ing. Edgar MORARU<\/p>\n\n\n\n<p><strong>Premiul III \u00een valoare de 200 lei pentru lucrarea:<\/strong><br>Platform\u0103 mobil\u0103 capabil\u0103 de escaladarea obstacolelor<br>Student: \u0218tefan GHEORGHE, anul IV Mecanic\u0103 Fin\u0103 \u0219i Nanotehnologii, Facultatea de Inginerie Mecanic\u0103 \u0219i Mecatronic\u0103<br>Conduc\u0103tor \u015ftiin\u0163ific: \u0218. l. dr. ing. Viorel GHEORGHE<\/p>\n\n\n\n<p><strong>Men\u0163iune \u00een valoare de 100 lei pentru lucrarea:<\/strong><br>Prototip pentru casa de vacanta demontabila \u0219i ecologic\u0103<br>Student: Florentina DR\u0102GOI, anul IV E &#8211; Design Industrial, Facultatea de Inginerie Mecanic\u0103 \u0219i Mecatronic\u0103<br>Conduc\u0103tor \u015ftiin\u0163ific: Conf. dr. ing. Alina Rodica SP\u00c2NU<\/p>\n\n\n\n<p><\/p>\n\n\n\n<p><strong>Sec\u021biunea 05 \u2013 4, Mecatronic\u0103<\/strong><\/p>\n\n\n\n<p><strong>COMISIA DE EXAMINARE:<\/strong><br>Conf. dr. ing. Lucian BOGATU &#8211; pre\u0219edinte<br>Conf. dr. ing. Bogdan GR\u0102MESCU &#8211; membru<br>Conf. dr. ing. Victor CONSTANTIN &#8211; membru<br>\u015e. l. dr. ing. Adrian CARTAL &#8211; membru<br>As. drd. ing. Emil NI\u021a\u0102 &#8211; secretar<\/p>\n\n\n\n<p><strong>PREMII:<\/strong><\/p>\n\n\n\n<p><strong>Premiul I \u00een valoare de 400 lei pentru lucrarea:<\/strong><br>Dezvoltarea prin simetria simulare-realitate a unui sistem mecatronic autonom ce folose\u0219te algoritmi clasici de analiz\u0103 a imaginilor asista\u021bi de inteligen\u021ba artificial\u0103 &#8211; optimiza\u021bi pentru procesoarele ARM<br>Studen\u021bi: C\u0103t\u0103lin-Mihai COSTESCU, Marius Dany BIOLARU ST\u0102NCULESCU, Dorin Mihail DINULESCU, anul IIB, Bianca-Magdalena BADEA, anul IIE, Irina GR\u0102MESCU, anul IB, Facultatea de Inginerie Mecanic\u0103 \u0219i Mecatronic\u0103<br>Conduc\u0103tor \u0219tiin\u021bific: Conf.dr.ing. Bogdan GR\u0102MESCU, Departamentul de Mecatronic\u0103 \u0219i Mecanic\u0103 de Precizie<\/p>\n\n\n\n<p><strong>Premiul II \u00een valoare de 300 lei pentru lucrarea:<\/strong><br>Mini-robot echilibrat dinamic<br>Student: Maria &#8211; Andreea GURGU, anul IV Mecatronic\u0103, Mecatronic\u0103, Facultatea de Inginerie Mecanic\u0103 \u0219i Mecatronic\u0103<br>Conduc\u0103tor \u0219tiin\u021bific: \u0218. l. dr. ing. Viorel GHEORGHE, Departamentul Mecatronic\u0103 \u0219i Mecanic\u0103 de Precizie, Facultatea de Inginerie Mecanic\u0103 \u0219i Mecatronic\u0103<\/p>\n\n\n\n<p><strong>Premiul III \u00een valoare de 200 lei pentru lucrarea:<\/strong><br>Proiectarea \u0219i realizarea unor robo\u021bi colaborativi<br>Studen\u0163i: Dan-Andrei LUCA, Andrei GHENCIOIU, Alex-Teodor HRABAC, anul I Mecatronic\u0103, Facultatea de Inginerie Mecanic\u0103 \u0219i Mecatronic\u0103<br>Conduc\u0103tori \u015ftiin\u0163ifici: As. Drd. Ing. Corina-Ioana COBZAC, \u0218. l. dr. ing. Edgar MORARU, Departamentul Mecatronic\u0103 \u0219i Mecanic\u0103 de Precizie, Facultatea de Inginerie Mecanic\u0103 \u0219i Mecatronic\u0103<\/p>\n\n\n\n<p><strong>Men\u0163iune 1 \u00een valoare de 100 lei pentru lucrarea:<\/strong><br>Robot hexapod pentru explor\u0103ri speologice<br>Student: Marcenco Adrian, anul IV Mecatronic\u0103, Mecatronic\u0103, Facultatea de Inginerie Mecanic\u0103 \u0219i Mecatronic\u0103<br>Conduc\u0103tor \u0219tiin\u021bific: \u0218. L. Dr. Ing. Nistor Mircea &#8211; Iulian, Departamentul Mecatronic\u0103 \u0219i Mecanic\u0103 de Precizie, Facultatea de Inginerie Mecanic\u0103 \u0219i Mecatronic\u0103<\/p>\n\n\n\n<p><strong>Sec\u0163iunea 05 \u2013 06, Optometrie<\/strong><\/p>\n\n\n\n<p><strong>COMISIA DE EXAMINARE:<\/strong><br>\u0218. l. dr. ing. Cristian Gabriel ALIONTE &#8211; pre\u0219edinte<br>\u0218. l. dr. ing. Dana Rizescu &#8211; membru<br>\u0218. l. dr. ing. Ioana UDREA &#8211; membru<br>\u0218. l. dr. ing. Robert CIOBANU &#8211; membru<br>\u0218. l. dr. ing. Edgar MORARU &#8211; secretar<\/p>\n\n\n\n<p><strong>PREMII:<\/strong><\/p>\n\n\n\n<p><strong>Premiul I \u00een valoare de 400 lei pentru lucrarea:<\/strong><br>Realizarea ramelor de ochelari individualizate utiliz\u00e2nd tehnologii aditive<br>Student: Andrei Marian P\u00ceSL\u0102, anul IV Optometrie, Facultatea de Inginerie Mecanic\u0103 \u0219i Mecatronic\u0103<br>Conduc\u0103tor \u015ftiin\u0163ific: Conf. dr. ing. Ciprian Ion RIZESCU, \u0218l. dr. ing. Cristian Gabriel ALIONTE<\/p>\n\n\n\n<p><strong>Premiul II \u00een valoare de 300 lei pentru lucrarea:<\/strong><br>Metode \u0219i instrumente pentru evaluarea func\u021biei vizuale la copiii de v\u00e2rst\u0103 \u0219colar\u0103<br>Student: Andreea NEAC\u015eU, anul IV Optometrie, Facultatea de Inginerie Mecanic\u0103 \u0219i Mecatronic\u0103<br>Conduc\u0103tor \u015ftiin\u0163ific: \u0218. l. dr. ing. Dana RIZESCU, Departamentul Mecatronic\u0103 \u0219i Mecanic\u0103 de Precizie, Facultatea de Inginerie Mecanic\u0103 \u0219i Mecatronic\u0103<\/p>\n\n\n\n<p><strong>Premiul III \u00een valoare de 200 lei pentru lucrarea:<\/strong><br>Studiu privind ramele de ochelari<br>Studen\u0163i: Antonela-Evelina MARIN, anul III Optometrie, Vlad ST\u0102NESCU, anul I Mecatronic\u0103 Avansat\u0103, Facultatea de Inginerie Mecanic\u0103 \u0219i Mecatronic\u0103<br>Conduc\u0103tor \u015ftiin\u0163ific: \u0218. l. dr. ing. Cristian Gabriel ALIONTE, Departamentul Mecatronic\u0103 \u0219i Mecanic\u0103 de Precizie, Facultatea de Inginerie Mecanic\u0103 \u0219i Mecatronic\u0103<\/p>\n\n\n\n<p><strong>Men\u0163iune \u00een valoare de 100 lei pentru lucrarea:<\/strong><br>Studiu privind lentilele de contact<br>Studen\u0163i: Denisa BURCEA, Carina UNGUREANU, anul III Optometrie, Facultatea de Inginerie Mecanic\u0103 \u0219i Mecatronic\u0103<br>Conduc\u0103tor \u015ftiin\u0163ific: \u0218. l. dr. ing. Cristian Gabriel ALIONTE, Departamentul Mecatronic\u0103 \u0219i Mecanic\u0103 de Precizie, Facultatea de Inginerie Mecanic\u0103 \u0219i Mecatronic\u0103<\/p>\n\n\n\n<p>  <p>Listele lucrarilor sustinute sunt: <\/p><ul><li><a href=\"https:\/\/dmmp.upb.ro\/wp-content\/uploads\/2022\/05\/05_05_SCSS2022_MFN_2022.pdf\">Mecanica Fina (Sec\u021biunea 05 \u2013 4)<\/a>, <\/li><\/ul><ul><li><a href=\"https:\/\/dmmp.upb.ro\/wp-content\/uploads\/2022\/05\/05_04_SCSS2022_Mecatronica_2022.pdf\">Mecatronica (Sec\u021biunea 05 \u2013 5)<\/a> <\/li><\/ul><ul><li><a href=\"https:\/\/dmmp.upb.ro\/wp-content\/uploads\/2022\/05\/05_06_SCSS2022_Optometrie_2022.pdf\">Optometrie (Sec\u021biunea 05 \u2013 6)<\/a>.<\/li><\/ul><\/p>\n\n\n\n<p><strong>ARHIVA<\/strong><\/p>\n\n\n\n<p><a href=\"https:\/\/dmmp.upb.ro\/index.php\/comunicari-stiintifice-2019\" target=\"_blank\" rel=\"noreferrer noopener\">Sesiunea de Comunicari Stiintifice Studentesti 2019<\/a><\/p>\n\n\n\n<p><a rel=\"noreferrer noopener\" href=\"https:\/\/dmmp.upb.ro\/index.php\/comunicari-stiintifice-2020\/\" target=\"_blank\">Sesiunea de Comunicari Stiintifice Studentesti 2020<\/a><\/p>\n\n\n\n<p><a href=\"https:\/\/dmmp.upb.ro\/index.php\/comunicari-stiintifice-2021\/\" target=\"_blank\" rel=\"noreferrer noopener\">Sesiunea de Comunicari Stiintifice Studentesti 2021<\/a> <\/p>\n\n\n\n<p><\/p>\n","protected":false},"excerpt":{"rendered":"<p>Sesiunea de Comunicari Stiintifice Studentesti 2022 \u00cen ziua de 13 mai 2022 a avut loc la Departamentul Mecatronic\u0103 \u0219i Mecanic\u0103 de Precizie din cadrul Facult\u0103\u0163ii de Inginerie Mecanic\u0103 \u015fi Mecatronic\u0103, Sesiunea de Comunic\u0103ri \u015etiin\u0163ifice Studen\u0163e\u015fti 2022. Sec\u0163iunea 05 \u2013 5, Mecanic\u0103 fin\u0103 \u0219i nanotehnologii COMISIA DE EXAMINARE:Conf. dr. ing. Ciprian Ion RIZESCU &#8211; pre\u0219edinteConf. dr.<\/p>\n<p class=\"more-link\"><a href=\"https:\/\/dmmp.upb.ro\/index.php\/cominicari-stiintifice-2022\/\" class=\"themebutton\">Read More<\/a><\/p>\n","protected":false},"author":1,"featured_media":0,"parent":0,"menu_order":0,"comment_status":"closed","ping_status":"closed","template":"","meta":{"footnotes":""},"class_list":["post-236","page","type-page","status-publish","hentry"],"_links":{"self":[{"href":"https:\/\/dmmp.upb.ro\/index.php\/wp-json\/wp\/v2\/pages\/236","targetHints":{"allow":["GET"]}}],"collection":[{"href":"https:\/\/dmmp.upb.ro\/index.php\/wp-json\/wp\/v2\/pages"}],"about":[{"href":"https:\/\/dmmp.upb.ro\/index.php\/wp-json\/wp\/v2\/types\/page"}],"author":[{"embeddable":true,"href":"https:\/\/dmmp.upb.ro\/index.php\/wp-json\/wp\/v2\/users\/1"}],"replies":[{"embeddable":true,"href":"https:\/\/dmmp.upb.ro\/index.php\/wp-json\/wp\/v2\/comments?post=236"}],"version-history":[{"count":9,"href":"https:\/\/dmmp.upb.ro\/index.php\/wp-json\/wp\/v2\/pages\/236\/revisions"}],"predecessor-version":[{"id":253,"href":"https:\/\/dmmp.upb.ro\/index.php\/wp-json\/wp\/v2\/pages\/236\/revisions\/253"}],"wp:attachment":[{"href":"https:\/\/dmmp.upb.ro\/index.php\/wp-json\/wp\/v2\/media?parent=236"}],"curies":[{"name":"wp","href":"https:\/\/api.w.org\/{rel}","templated":true}]}}