{"id":24,"date":"2022-04-05T19:30:17","date_gmt":"2022-04-05T19:30:17","guid":{"rendered":"http:\/\/dmmp.upb.ro\/?page_id=24"},"modified":"2022-04-06T18:34:17","modified_gmt":"2022-04-06T18:34:17","slug":"despre-dmmp","status":"publish","type":"page","link":"https:\/\/dmmp.upb.ro\/index.php\/despre-dmmp\/","title":{"rendered":"Despre DMMP"},"content":{"rendered":"\n<h1 class=\"wp-block-heading\">I. ISTORIC<\/h1>\n\n\n\n<p>Departamentul de Mecatronic\u0103 \u015fi Mecanic\u0103 de Precizie continu\u0103 tradi\u0163ia \u015fi activitatea Catedrei de Mecanic\u0103 Fin\u0103, \u020bnfiin\u0163at\u0103 in 1970 la Facultatea de Mecanic\u0103 din Institutul Politehnic Bucure\u015fti. Preocup\u0103rile \u015ftiin\u0163ifice \u015fi didactice \u020bn domeniul mecanicii fine dateaz\u0103 din anii \u201950 ai secolului trecut (prima promo\u0163ie de ingineri de mecanic\u0103 fin\u0103 \u2013 1950), \u020bns\u0103 constituirea unei catedre de specialitate s-a realizat \u020bn 1970, prin unirea colectivelor de specialitate din catedrele de Organe de ma\u015fini \u015fi Tehnologia construc\u0163iilor de ma\u015fini, sub conducerea Prof.dr.doc.ing. Traian Demian.<br>De la \u020bnceput, prin membrii s\u0103i, catedra a avut, pe l\u0203ng\u0103 competen\u0163ele tradi\u0163ionale \u020bn domeniul mecanicii de precizie, competen\u0163e privind aparatele \u015fi dispozitivele optice. Aceasta a permis abordarea domeniului optometriei, \u020bn concordan\u0163\u0103 cu evolu\u0163ia societ\u0103\u0163ii, pentru a r\u0103spunde unei nevoi sociale de asigurare a s\u0103n\u0103t\u0103\u0163ii vederii umane. Similar, progresul tehnologic legat de dezvoltarea microelectronicii a produs alinierea la cerin\u0163ele pie\u0163ei muncii, prin combinarea sinergetic\u0103 a mecanicii de precizie cu electronica \u015fi informatica, necesar\u0103 cre\u015fterii performan\u0163elor produselor, departamentul fiind angajat \u020bn dezvoltarea domeniului modern al mecatronicii.<\/p>\n\n\n\n<h1 class=\"wp-block-heading\">II. PREMIZE<\/h1>\n\n\n\n<p>Art.1. Prezentul regulament este elaborat \u00een baza prevederilor Legii educa\u021biei na\u021bionale nr.1\/2011, cu modific\u0103rile ulterioare, precum \u015fi ale Cartei Universit\u0103\u0163ii POLITEHNICA din Bucure\u015fti, respective regulamentele aprobate de Senatul UPB.<\/p>\n\n\n\n<h1 class=\"wp-block-heading\">III. MISIUNE. OBIECTIVE<\/h1>\n\n\n\n<p>Art2.(1) Departamentul de Mecatronic\u0103 \u015fi Mecanic\u0103 de Precizie \u020b\u015fi asum\u0103 statutul de unitate de cercetare avansat\u0103 \u015fi de educa\u0163ie, ca subdiviziune a Universit\u0103\u0163ii POLITEHNICA din Bucure\u015fti. Misiunea sa se concretizeaz\u0103 \u020bntr-o \u201eintersec\u0163ie a educa\u0163iei, prin formarea profesional\u0103, a cercet\u0103rii \u015ftiin\u0163ifice, prin producerea cunoa\u015fterii \u015fi a inov\u0103rii, ca principale obiective ale societ\u0103\u0163ii \u015fi a economiei bazate pe cunoa\u015ftere, precum \u015fi \u00een concordan\u0163\u0103 cu prevederile \u00eenscrise \u00een Strategia Europa 2020\u201d.<\/p>\n\n\n\n<h1 class=\"wp-block-heading\">IV. STRUCTURA ORGANIZATORIC\u0102<\/h1>\n\n\n\n<p>Art.4. (1) Departamentul de Mecatronic\u0103 \u015fi Mecanic\u0103 de Precizie este parte component a Facult\u0103\u0163ii de Inginerie Mecanic\u0103 \u015fi Mecatronic\u0103e.<br>(2) Departamentul este constituit din cadre didactice titulare, asociate sau<br>invitate, din profesori emeri\u0163i, din personal de cercetare cu studii superioare, din studen\u0163i afla\u0163i la studii universitare de masterat sau doctorat \u015fi din participan\u0163i la studii postuniversitare, precum \u015fi din personal didactic auxiliar, nedidactic \u015fi de cercetare.<\/p>\n\n\n\n<p>(3) Conducerea departamentului este asigurat\u0103 de un consiliu ales de membrii acestuia \u2013 cadre didactice titular, iar func\u0163ia de conducere la nivelul acestuia este directorul de department.<br>(4) Consiliul departamentului este structura executiv\u0103 a departamentului. La sedin\u0163ele Consiliului departamentului pot participa, ca invita\u0163i, reprezentan\u0163i ai<br>laboratoarelor, centrelor de cercetare si ai structurilor administrative. Fostii directori de departament au statut de invita\u0163i permanen\u0163i la sedin\u0163ele consiliului departamentului.<br>(5) Consiliul departamentului are urm\u0103toarele atribu\u0163ii:<\/p>\n\n\n\n<ul class=\"wp-block-list\"><li>coordoneaza, monitorizeaza si evalueaza periodic programele de studiu ce i-au fost repartizate de catre Consiliul facult\u0103\u0163ii sau Senat;<\/li><li>propune criteriile de admitere si absolvire pentru studen\u0163ii de la specializarile pe care le coordoneaza;<\/li><li>\u00eentocmeste dosarele de autorizare provizorie, acreditare sau evaluare periodica;<\/li><li>elaboreaza, prin titularii de discipline, programele analitice si fisele disciplinelor predate de acestia;<\/li><li>elaboreaza si implementeaza standardele si procedurile de asigurare a calit\u0103\u0163ii<br>activit\u0103\u0163ii didactice \u015fi de cercetare la nivelul departamentului;<\/li><li>propune scoaterea la concurs a unor posturi didactice si de cercetare;<\/li><li>propune acord\u0103ri de burse \u015fi trimiteri la specializari stiintifice, doctorate etc. \u00een alte universit\u0103\u0163i sau centre de cercetare stiin\u0163ific\u0103 din \u0163ar\u0103 sau str\u0103in\u0103tate;<\/li><li>analizeaza, \u00een func\u0163ie de necesit\u0103\u0163i, cursurile, manualele si alte materiale cu<br>finalitate didactic\u0103 \u015fi propune editarea acestora;<\/li><li>propune achizi\u0163ionarea de materiale de documentare;<\/li><li>propune acordarea de titluri onorifice si stiintifice unor personalit\u0103\u0163i din institu\u0163ie si din afara acesteia;<\/li><li>organizeaza manifestari stiin\u0163ifice cu participare interna si interna\u0163ionala;<\/li><li>stabileste atribu\u0163iile personalului auxiliar si raspunde de activitatea acestuia;<\/li><li>elaboreaza rapoarte de activitate;<\/li><li>asigura \u00eendrumarea practicii studen\u0163ilor;<\/li><li>propune componen\u0163a comisiilor pentru examenele de finalizare a studiilor;<\/li><li>propune cadrele didactice asociate si avizeaza cererile de prelungire a activit\u0103\u0163ii peste v\u00e2rsta de pensionare.<\/li><\/ul>\n\n\n\n<p>Art. 6. Directorul de departament poate sa fie revocat din func\u0163ie de catre Rector, dupa consultarea Departamentului, cu aprobarea Consiliului faculta\u0163ii, daca \u00eencalca legisla\u0163ia.<br>Art.7. (1) Activitatea fiec\u0103rui cadru didactic este stabilit\u0103 la \u00eenceputul fiec\u0103rui an universitar, este normat\u0103 \u015fi consemnat\u0103 \u00een documentele de eviden\u0163\u0103 \u015fi gestiune ale departamentului.<br>(2) Principalele documente de gestiune sunt nota de comand\u0103, statul de<br>func\u0163ii, fi\u015fa individual\u0103 anual\u0103 a postului (care constituie anex\u0103 la contractul individual de munc\u0103) \u015fi documentele privind plata cu ora.<br>(3) \u00cen conformitate cu prevederile legale \u00een vigoare, norma universitar\u0103<br>(\u00een limita a 1720 ore anual \u015fi 40 de ore s\u0103pt\u0103m\u0203nal) cuprinde norma didactic\u0103 \u015fi norma de cercetare. Norma didactica s\u0103pt\u0103m\u00e2nal\u0103 minim\u0103 cuprinde activit\u0103\u0163i de curs, seminar, laborator, proiect an \u015fi este diferen\u0163iat\u0103 func\u0163ie de tipul postului \u015fi nu poate dep\u0103\u015fi 16 ore conven\u0163ionale pe s\u0103pt\u0103m\u00e2n\u0103. Celelalte activit\u0103\u0163i din norma didactic\u0103 constau \u00een \u00eendrumare lucr\u0103ri licen\u0163\u0103, diserta\u0163ii de masterat \u015fi teze de doctorat, alte activit\u0103\u0163i didactice, practice \u015fi de cercetare \u015ftiin\u0163ific\u0103 \u00eenscrise \u00een planurile de \u00eenv\u0103\u0163\u0103m\u00e2nt, conducerea activit\u0103\u0163ilor competi\u0163iilor profesionale, activit\u0103\u0163i de evaluare, tutorat, consulta\u0163ii, \u00eendrumarea cercurilor \u015ftiin\u0163ifice studen\u0163e\u015fti, participarea la consilii \u015fi \u00een comisii \u00een interesul \u00eenv\u0103\u0163\u0103m\u00e2ntului.<br>(4) Alocarea num\u0103rului de ore pentru diferitele tipuri de activit\u0103\u0163i este stabilit\u0103 anual prin \u201eInstruc\u0163iunile privind eviden\u0163a cadrelor didactice \u015fi a activit\u0103\u0163ilor procesului de \u00eenv\u0103\u0163\u0103m\u00e2nt\u201d, aprobate de Senatul UPB.<br>Art.8. Elaborarea lucr\u0103rilor de finalizare a studiilor (proiect de licen\u0163\u0103\/lucrare de diserta\u0163ie) este structurat\u0103 unitar pentru programele formative aflate \u020bn responsabilitatea departamentului, pe baza unor regulamente \u015fi ghiduri specifice.<\/p>\n\n\n\n<h1 class=\"wp-block-heading\">V. DISPOZI\u0162II FINALE<\/h1>\n\n\n\n<p>Art.9. Atribu\u0163iile salaria\u0163ilor din cadrul Departamentului de Mecatronic\u0103 \u015fi Mecanic\u0103 de Precizie sunt cuprinse \u00een fisele posturilor, avizate de catre directorul de departament si de catre decanul faculta\u0163ii, precum si \u00een fisele anuale de activitate ale cadrelor didactice.<br>Art. 10. Consiliul Departamentului de Mecatronic\u0103 \u015fi Mecanic\u0103 de Precizie va lua masurile necesare ca \u00eentregul personal al acestuia sa cunoasca si sa respecte prevederile prezentului regulament.<br>Art.11. Prezentul regulament se completeaza, de drept, cu actele normative \u00een vigoare. Orice modificare si completare a prezentului regulament se face la propunerea Consiliului Departamentului.<\/p>\n","protected":false},"excerpt":{"rendered":"<p>I. ISTORIC Departamentul de Mecatronic\u0103 \u015fi Mecanic\u0103 de Precizie continu\u0103 tradi\u0163ia \u015fi activitatea Catedrei de Mecanic\u0103 Fin\u0103, \u020bnfiin\u0163at\u0103 in 1970 la Facultatea de Mecanic\u0103 din Institutul Politehnic Bucure\u015fti. Preocup\u0103rile \u015ftiin\u0163ifice \u015fi didactice \u020bn domeniul mecanicii fine dateaz\u0103 din anii \u201950 ai secolului trecut (prima promo\u0163ie de ingineri de mecanic\u0103 fin\u0103 \u2013 1950), \u020bns\u0103 constituirea unei<\/p>\n<p class=\"more-link\"><a href=\"https:\/\/dmmp.upb.ro\/index.php\/despre-dmmp\/\" class=\"themebutton\">Read More<\/a><\/p>\n","protected":false},"author":1,"featured_media":0,"parent":0,"menu_order":0,"comment_status":"closed","ping_status":"closed","template":"","meta":{"footnotes":""},"class_list":["post-24","page","type-page","status-publish","hentry"],"_links":{"self":[{"href":"https:\/\/dmmp.upb.ro\/index.php\/wp-json\/wp\/v2\/pages\/24","targetHints":{"allow":["GET"]}}],"collection":[{"href":"https:\/\/dmmp.upb.ro\/index.php\/wp-json\/wp\/v2\/pages"}],"about":[{"href":"https:\/\/dmmp.upb.ro\/index.php\/wp-json\/wp\/v2\/types\/page"}],"author":[{"embeddable":true,"href":"https:\/\/dmmp.upb.ro\/index.php\/wp-json\/wp\/v2\/users\/1"}],"replies":[{"embeddable":true,"href":"https:\/\/dmmp.upb.ro\/index.php\/wp-json\/wp\/v2\/comments?post=24"}],"version-history":[{"count":3,"href":"https:\/\/dmmp.upb.ro\/index.php\/wp-json\/wp\/v2\/pages\/24\/revisions"}],"predecessor-version":[{"id":52,"href":"https:\/\/dmmp.upb.ro\/index.php\/wp-json\/wp\/v2\/pages\/24\/revisions\/52"}],"wp:attachment":[{"href":"https:\/\/dmmp.upb.ro\/index.php\/wp-json\/wp\/v2\/media?parent=24"}],"curies":[{"name":"wp","href":"https:\/\/api.w.org\/{rel}","templated":true}]}}