{"id":26,"date":"2022-04-05T19:31:01","date_gmt":"2022-04-05T19:31:01","guid":{"rendered":"http:\/\/dmmp.upb.ro\/?page_id=26"},"modified":"2022-04-05T19:31:01","modified_gmt":"2022-04-05T19:31:01","slug":"membri","status":"publish","type":"page","link":"https:\/\/dmmp.upb.ro\/index.php\/membri\/","title":{"rendered":"Membri"},"content":{"rendered":"\n<h2 class=\"wp-block-heading\">Membri departament:<\/h2>\n\n\n\n<ol class=\"wp-block-list\"><li>Prof.dr.ing. Avram Mihai<\/li><li>Prof.dr.ing. Nitu Constantin<\/li><li>Prof.dr.ing. Dontu Octavian<\/li><li>Prof.dr.ing. Bucsan Constantin<\/li><li>Prof.dr.ing. Comeaga Constantin Daniel<\/li><li>Conf.dr.ing. Rizescu Ciprian Ion<\/li><li>Conf.dr.ing. Gramescu Bogdan<\/li><li>Conf.dr.ing. Spanu Alina<\/li><li>Conf.dr.ing. Besnea Daniel<\/li><li>S.l.dr.ing. Bucur&nbsp; Doina<\/li><li>S.l.dr.ing. Bogatu Lucian<\/li><li>S.l.dr.ing. Rizescu Dana<\/li><li>S.l.dr.ing. Udrea Ioana<\/li><li>S.l.dr.ing. Alionte Cristian Gabriel<\/li><li>S.l.dr.ing. Petrache Silviu<\/li><li>S.l.dr.ing. Cartal AdrianLaurentiu<\/li><li>S.l.dr.ing. Nistor Mircea Iulian<\/li><li>S.l.dr.ing. Pascu Adrian Titi<\/li><li>S.l.dr.ing. Gheorghe Viorel&nbsp; Ionut<\/li><li>S.l.dr.ing. Constantin Victor Florin<\/li><li>S.l.dr.ing. Ciobanu Romeo Robert<\/li><li>As. ing. Moraru Edgar<\/li><\/ol>\n\n\n\n<h2 class=\"wp-block-heading\">Cadre didactice asociate:<\/h2>\n\n\n\n<ol class=\"wp-block-list\"><li>Prof.dr.ing. Ionascu Georgeta<\/li><li>Conf.dr.ing. Duminica Despina<\/li><li>Prof.dr.ing. Micu Constantin Anton<\/li><li>Prof.dr.ing. Bacescu Daniel<\/li><li>Prof.dr.ing. Ciocirlea Vasilescu Aurel<\/li><li>Prof.dr.ing. Banu Valeriu<\/li><li>Prof.dr.ing. Gheorghe Gheorghe<\/li><li>Medic oftal. Stana Daniela<\/li><\/ol>\n\n\n\n<h2 class=\"wp-block-heading\">Fosti membri ai departamentului:<\/h2>\n\n\n\n<p>Inca de la infiintarea sa, din 1970 (atunci numindu-se Catedra de Mecanic\u0103 Fin\u0103), in Departamentul de Mecatronic\u0103 \u015fi Mecanic\u0103 de Precizie \u0219i-au desf\u0103\u0219urat activitatea o serie de personalit\u0103\u021bi, profesori de o \u00eenalt\u0103 \u021binut\u0103 moral\u0103.<\/p>\n","protected":false},"excerpt":{"rendered":"<p>Membri departament: Prof.dr.ing. Avram Mihai Prof.dr.ing. Nitu Constantin Prof.dr.ing. Dontu Octavian Prof.dr.ing. Bucsan Constantin Prof.dr.ing. Comeaga Constantin Daniel Conf.dr.ing. Rizescu Ciprian Ion Conf.dr.ing. Gramescu Bogdan Conf.dr.ing. Spanu Alina Conf.dr.ing. Besnea Daniel S.l.dr.ing. Bucur&nbsp; Doina S.l.dr.ing. Bogatu Lucian S.l.dr.ing. Rizescu Dana S.l.dr.ing. Udrea Ioana S.l.dr.ing. Alionte Cristian Gabriel S.l.dr.ing. Petrache Silviu S.l.dr.ing. Cartal AdrianLaurentiu S.l.dr.ing. Nistor<\/p>\n<p class=\"more-link\"><a href=\"https:\/\/dmmp.upb.ro\/index.php\/membri\/\" class=\"themebutton\">Read More<\/a><\/p>\n","protected":false},"author":1,"featured_media":0,"parent":0,"menu_order":0,"comment_status":"closed","ping_status":"closed","template":"","meta":{"footnotes":""},"class_list":["post-26","page","type-page","status-publish","hentry"],"_links":{"self":[{"href":"https:\/\/dmmp.upb.ro\/index.php\/wp-json\/wp\/v2\/pages\/26","targetHints":{"allow":["GET"]}}],"collection":[{"href":"https:\/\/dmmp.upb.ro\/index.php\/wp-json\/wp\/v2\/pages"}],"about":[{"href":"https:\/\/dmmp.upb.ro\/index.php\/wp-json\/wp\/v2\/types\/page"}],"author":[{"embeddable":true,"href":"https:\/\/dmmp.upb.ro\/index.php\/wp-json\/wp\/v2\/users\/1"}],"replies":[{"embeddable":true,"href":"https:\/\/dmmp.upb.ro\/index.php\/wp-json\/wp\/v2\/comments?post=26"}],"version-history":[{"count":1,"href":"https:\/\/dmmp.upb.ro\/index.php\/wp-json\/wp\/v2\/pages\/26\/revisions"}],"predecessor-version":[{"id":27,"href":"https:\/\/dmmp.upb.ro\/index.php\/wp-json\/wp\/v2\/pages\/26\/revisions\/27"}],"wp:attachment":[{"href":"https:\/\/dmmp.upb.ro\/index.php\/wp-json\/wp\/v2\/media?parent=26"}],"curies":[{"name":"wp","href":"https:\/\/api.w.org\/{rel}","templated":true}]}}