{"id":57,"date":"2022-04-06T18:42:26","date_gmt":"2022-04-06T18:42:26","guid":{"rendered":"http:\/\/dmmp.upb.ro\/?page_id=57"},"modified":"2022-05-27T12:58:28","modified_gmt":"2022-05-27T12:58:28","slug":"comunicari-stiintifice-2021","status":"publish","type":"page","link":"https:\/\/dmmp.upb.ro\/index.php\/comunicari-stiintifice-2021\/","title":{"rendered":"Comunicari Stiintifice 2021"},"content":{"rendered":"\n<h1 class=\"wp-block-heading\">Sesiunea de Comunicari Stiintifice Studentesti 2021<\/h1>\n\n\n\n<p>\u00cen ziua de 14 mai 2021 a avut loc la Departamentul Mecatronic\u0103 \u0219i Mecanic\u0103 de Precizie din cadrul Facult\u0103\u0163ii de Inginerie Mecanic\u0103 \u015fi Mecatronic\u0103, Sesiunea de Comunic\u0103ri \u015etiin\u0163ifice Studen\u0163e\u015fti 2021.<\/p>\n\n\n\n<p><strong>Sec\u0163iunea 05 \u2013 5, Mecanic\u0103 fin\u0103 \u0219i nanotehnologii<\/strong><\/p>\n\n\n\n<p><strong>LUCRARI:<br><\/strong>Lucr\u0103ri \u00eenscrise ini\u0163ial: 40Lucr\u0103ri \u00eenscrise ulterior: 0<br>Lucr\u0103ri neprezentate: 14<br>Lucr\u0103ri acceptate, prezentate \u015fi sus\u0163inute: 26<\/p>\n\n\n\n<p><strong>COMISIA DE EXAMINARE:<\/strong><br>Conf. dr. ing. Ciprian Ion RIZESCU \u2013 Pre\u0219edinte<br>Conf. dr. ing. Daniel BESNEA<br>Conf. dr. ing. Lucian BOGATU<br>\u015e .l. dr. ing. Viorel GHEORGHE<br>Asist. univ. drd. ing. Emil NI\u021a\u0102 \u2013 Secretar<\/p>\n\n\n\n<p><strong>Premiul II \u00een valoare de 300 lei pentru lucrarea:<\/strong><br>Proiectarea \u0219i prototiparea unor robo\u021bi destina\u021bi trasportului \u00een depozite<br>Student: Baciu David-Eugen, Facultatea Inginerie Mecanic\u0103 \u0219i Mecatronic\u0103<br>Conduc\u0103tori \u0219tiin\u021bifici: \u0219.l.dr.ing. Udrea Ioana \u0219i \u0219.l.dr.ing. Alionte Cristian Gabriel, Departamentul Mecatronic\u0103 \u0219i Mecanic\u0103 de Precizie<\/p>\n\n\n\n<p><strong>Premiul III \u00een valoare de 200 lei pentru lucrarea:<\/strong><br>Proiectarea unui dispozitiv mecatronic alimentat cu energie solar\u0103 pentru tunderea gazonului<br>Student: Dr\u0103ghiciu Andrei-Sebastian, Facultatea Inginerie Mecanic\u0103 \u0219i Mecatronic\u0103<br>Conduc\u0103tor \u0219tiin\u021bific: conf.dr.ing. Rizescu Ciprian Ion, Departamentul Mecatronic\u0103 \u0219i Mecanic\u0103 de Precizie<\/p>\n\n\n\n<p><strong>Men\u0163iune \u00een valoare de 100 lei pentru lucrarea:<\/strong><br>Studiu privind robotii p\u0103\u0219itori<br>Studen\u021bi: Georgiana Georgescu \u0219i Ionescu Anemona, Facultatea Inginerie Mecanic\u0103 \u0219i Mecatronic\u0103<br>Conduc\u0103tori \u0219tiin\u021bifici: \u0219.l.dr.ing. Udrea Ioana \u0219i \u0219.l.dr.ing. Alionte Cristian Gabriel, Departamentul Mecatronic\u0103 \u0219i Mecanic\u0103 de Precizie<\/p>\n\n\n\n<p><strong>Sec\u021biunea 05 \u2013 4, Mecatronic\u0103<\/strong><\/p>\n\n\n\n<p><strong>LUCRARI:<\/strong><br>Lucr\u0103ri \u00eenscrise ini\u021bial: 32<br>Lucr\u0103ri \u00eenscrise ulterior: 0<br>Lucr\u0103ri neprezentate: 7<br>Lucr\u0103ri acceptate, prezentate \u015fi sus\u0163inute: 25<\/p>\n\n\n\n<p><strong>COMISIA DE EXAMINARE:<\/strong><br>Conf. dr. ing. Bogdan GR\u0102MESCU \u2013 Pre\u0219edinte<br>\u0218.l. dr. ing. Adrian CARTAL<br>\u0218.l. dr. ing. Viorel GHEORGHE<br>\u0218.l. dr. ing. Victor CONSTANTIN<br>Secretar, asist. univ. drd. ing. Philip COAND\u0102<\/p>\n\n\n\n<p><strong>PREMII:<\/strong><\/p>\n\n\n\n<p><strong>Premiul I \u00een valoare de 400 lei pentru lucrarea:<\/strong><br>Microvibrorobo\u021bi<br>Student: Cristian Alexandru CHIRA, anul III MFN, Facultatea de Inginerie Mecanic\u0103 \u0219i<br>Mecatronic\u0103<br>Conduc\u0103tor \u0219tiin\u021bific: prof. dr. ing. Mihail Boiangiu, Departamentul de Mecanic\u0103,<br>Facultatea de Ingineria Sistemelor Biotehnice<\/p>\n\n\n\n<p><strong>Premiul II \u00een valoare de 300 lei pentru lucrarea:<\/strong><br>Mini-ser\u0103 inteligent\u0103<br>Student: Mihai BOGDAN, anul IV MFN, Facultatea de Inginerie Mecanic\u0103 \u0219i<br>Mecatronic\u0103<br>Conduc\u0103tor \u0219tiin\u021bifici: \u0219. l. dr. ing. Viorel GHEORGHE, \u0219. l. dr. ing. Ioana UDREA,<br>Departamentul Mecatronic\u0103 \u0219i Mecanic\u0103 de Precizie, Facultatea de Inginerie Mecanic\u0103<br>\u0219i Mecatronic\u0103<\/p>\n\n\n\n<p><strong>Premiul III \u00een valoare de 200 lei pentru lucrarea:<\/strong><br>Dispozitiv de orientare cu detectare de obstacole<br>Student: Cornelia-Maria CR\u0102CIUN, anul IV, ESM, Facultatea de Inginerie Medical\u0103<br>Conduc\u0103tori \u0219tiin\u021bific: \u0219. l. dr. ing. Mircea \u2013 Iulian NISTOR, Departamentul Mecatronic\u0103<br>\u0219i Mecanic\u0103 de Precizie, Facultatea de Inginerie Mecanic\u0103 \u0219i Mecatronic\u0103<\/p>\n\n\n\n<p><strong>Men\u021biune \u00een valoare de 100 lei pentru lucrarea:<\/strong><br>Monopostul de Formula 1 pies\u0103 cu pies\u0103<br>Student: St\u0103nculescu-Robert CONSTANTIN, anul I MC, Facultatea de Inginerie Mecanic\u0103 \u0219i Mecatronic\u0103<br>Conduc\u0103tor \u0219tiin\u021bific: \u0219. l. dr. ing. Ioana UDREA, Departamentul Mecatronic\u0103 \u0219i<br>Mecanic\u0103 de Precizie, Facultatea de Inginerie Mecanic\u0103 \u0219i Mecatronic\u0103<\/p>\n\n\n\n<p><strong>Sec\u0163iunea 05 \u2013 06, Optometrie<\/strong><\/p>\n\n\n\n<p><strong>LUCRARI:<\/strong><br>Lucr\u0103ri \u00eenscrise ini\u0163ial: 48<br>Lucr\u0103ri \u00eenscrise ulterior: 0<br>Lucr\u0103ri neprezentate: 13<br>Lucr\u0103ri acceptate, prezentate \u015fi sus\u0163inute: 35<\/p>\n\n\n\n<p><strong>COMISIA DE EXAMINARE:<\/strong><br>\u015e. l. dr. ing. Cristian Gabriel ALIONTE \u2013 Pre\u015fedinte<br>\u015e. l. dr. ing. Dana RIZESCU<br>\u015e. l. dr. ing. Ioana UDREA<br>\u0218. l. dr. ing. Robert CIOBANU<br>Secretar, Asist. univ. drd. ing. Edgar MORARU<\/p>\n\n\n\n<p><strong>PREMII:<\/strong><\/p>\n\n\n\n<p><strong>Premiul I \u00een valoare de 400 lei pentru lucrarea:<\/strong><br>Studiul sistemelor optice pentru vederea stereoscopic\u0103 \/ omnidirec\u021bional\u0103 a robo\u021bilor<br>Student: Andreea Denisa OPRI\u015e, anul II Optometrie, Facultatea de Inginerie Mecanic\u0103 \u0219i Mecatronic\u0103<br>Conduc\u0103tor \u015ftiin\u0163ific: \u0219. l. dr. ing. Dana RIZESCU, Departamentul Mecatronic\u0103 \u0219i Mecanic\u0103 de Precizie, Facultatea de Inginerie Mecanic\u0103 \u0219i Mecatronic\u0103<\/p>\n\n\n\n<p><strong>Premiul II \u00een valoare de 300 lei pentru lucrarea:<\/strong><br>Dezvoltarea unui pagini Web\/Instagram\/Twitter pentru un cabinet de optometrie Studen\u0163i: Georgiana Karina AMB\u0102RU\u015e, Andreea DIJM\u0102RESCU, anul II Optometrie, Facultatea de Inginerie Mecanic\u0103 \u0219i Mecatronic\u0103<br>Conduc\u0103tori \u015ftiin\u0163ifici: conf. dr. ing. Ciprian Ion RIZESCU, \u0218l. dr. ing. Cristian Gabriel ALIONTE, Departamentul Mecatronic\u0103 \u0219i Mecanic\u0103 de Precizie, Facultatea de Inginerie Mecanic\u0103 \u0219i Mecatronic\u0103<\/p>\n\n\n\n<p><strong>Premiul III \u00een valoare de 200 lei pentru lucrarea:<\/strong><br>Studiul privind tehnici moderne de prelucrare a lentilelor aeriene<br>Student: Rare\u0219-Octavian PU\u0218CU\u021a\u0102, anul IV Optometrie, Facultatea de Inginerie<br>Mecanic\u0103 \u0219i Mecatronic\u0103<br>Conduc\u0103tor \u015ftiin\u0163ific: \u0219. l. dr. ing. Cristian Gabriel ALIONTE, Departamentul Mecatronic\u0103 \u0219i Mecanic\u0103 de Precizie, Facultatea de Inginerie Mecanic\u0103 \u0219i Mecatronic\u0103<\/p>\n\n\n\n<p><strong>Men\u0163iune \u00een valoare de 100 lei pentru lucrarea:<\/strong><br>Studiu privind proiectarea ochelarilor<br>Studen\u0163i: Maria-Cosmina NI\u021aESCU, \u0218tefania-Teodora DR\u0102GOI, Ferda GEFER, anul I Optometrie, Facultatea de Inginerie Mecanic\u0103 \u0219i Mecatronic\u0103<br>Conduc\u0103tori \u015ftiin\u0163ifici: \u0219. l. dr. ing. Ioana Udrea, \u0219. l. dr. ing. Cristian Gabriel ALIONTE, Departamentul Mecatronic\u0103 \u0219i Mecanic\u0103 de Precizie, Facultatea de Inginerie Mecanic\u0103 \u0219i Mecatronic\u0103<\/p>\n\n\n\n<p><strong>Sec\u0163iunea 05 \u2013 04, Mecatronic\u0103<\/strong><\/p>\n\n\n\n<p><strong>LUCRARI:<\/strong><br>Lucr\u0103ri \u00eenscrise ini\u0163ial: 75<br>Lucr\u0103ri \u00eenscrise ulterior: 4<br>Lucr\u0103ri neprezentate: 30<br>Lucr\u0103ri acceptate, prezentate \u015fi sus\u0163inute: 49<\/p>\n\n\n\n<p><strong>COMISIA DE EXAMINARE:<\/strong><br>Conf. dr. ing. Bogdan GR\u0102MESCU \u2013 Pre\u0219edinte<br>Conf. dr. ing. Alina-Rodica SP\u00c2NU<br>\u0218.l. dr. ing. Lauren\u021biu-Adrian CARTAL<br>\u0218.l. dr. ing. Victor-Florin CONSTANTIN<br>Secretar, asist. univ. drd. ing. Philip COAND\u0102<\/p>\n\n\n\n<p><strong>PREMII:<\/strong><\/p>\n\n\n\n<p><strong>Premiul I \u00een valoare de 400 lei pentru lucrarea:<\/strong><br>Algoritm deterministic pentru robo\u021bi mobili autonomi cu inteligen\u021b\u0103 artificial\u0103 \u0219i cartografiere local\u0103<br>Studen\u0163i: Marius-Dany Biolaru-St\u0103nculescu, C\u0103t\u0103lin-Mihai Costescu, anul I B, Facultatea de Inginerie Mecanic\u0103 \u0219i Mecatronic\u0103<br>Conduc\u0103tor \u015ftiin\u0163ific: conf. dr. ing. Bogdan Gr\u0103mescu<\/p>\n\n\n\n<p><strong>Premiul II \u00een valoare de 300 lei pentru lucrarea:<\/strong><br>Sistem mecatronic pentru sortarea medicamentelor<br>Student: Dragomir R\u0103zvan, anul IV B, Facultatea de Inginerie Mecanic\u0103 \u0219i Mecatronic\u0103<br>Conduc\u0103tor \u015ftiin\u0163ific: As. Drd. Ing. Ni\u021b\u0103 Emil Ionu\u021b<\/p>\n\n\n\n<p><strong>Premiul III \u00een valoare de 200 lei pentru lucrarea:<\/strong><br>Sistem mecatronic pentru dezinfectarea personalului medical<br>Student: Nicolescu Raluca, anul IV B, Facultatea de Inginerie Mecanic\u0103 \u0219i Mecatronic\u0103<br>Conduc\u0103tor \u015ftiin\u0163ific: As. Drd. Ing. Ni\u021b\u0103 Emil Ionu\u021b<\/p>\n\n\n\n<p><strong>Men\u0163iune \u00een valoare de 100 lei pentru lucrarea:<\/strong><br>Sistem de comand\u0103 pentru controlul unui navomodel pentru colectarea de\u0219eurilor<br>Student: Sebastian Gavril\u0103, anul IV B, Facultatea de Inginerie Mecanic\u0103 \u0219i Mecatronic\u0103<br>Conduc\u0103tor \u015ftiin\u0163ific: conf. dr. ing. Ciprian Ion Rizescu<\/p>\n\n\n\n<p><strong>Lucrarile prezentate la cele trei sectiuni:<\/strong><\/p>\n\n\n\n<p><a href=\"https:\/\/dmmp.upb.ro\/wp-content\/uploads\/2022\/04\/05_04_SCSS2021_Mecatronica_Anexa_lucrari_prezentate.doc\" target=\"_blank\" rel=\"noreferrer noopener\">https:\/\/dmmp.upb.ro\/wp-content\/uploads\/2022\/04\/05_04_SCSS2021_Mecatronica_Anexa_lucrari_prezentate.doc<\/a><\/p>\n\n\n\n<p><a href=\"https:\/\/dmmp.upb.ro\/wp-content\/uploads\/2022\/04\/05_06_SCSS2021_Optometrie_lucrari-prezentate.docx\" target=\"_blank\" rel=\"noreferrer noopener\">https:\/\/dmmp.upb.ro\/wp-content\/uploads\/2022\/04\/05_06_SCSS2021_Optometrie_lucrari-prezentate.docx<\/a><\/p>\n\n\n\n<p><a href=\"https:\/\/dmmp.upb.ro\/wp-content\/uploads\/2022\/04\/05_05_SCSS2021_MFN.pdf\" target=\"_blank\" rel=\"noreferrer noopener\">https:\/\/dmmp.upb.ro\/wp-content\/uploads\/2022\/04\/05_05_SCSS2021_MFN.pdf<\/a><\/p>\n\n\n\n<p><strong>ARHIVA<\/strong><\/p>\n\n\n\n<p><a href=\"https:\/\/dmmp.upb.ro\/index.php\/comunicari-stiintifice-2019\" target=\"_blank\" rel=\"noreferrer noopener\">Sesiunea de Comunicari Stiintifice Studentesti 2019<\/a><\/p>\n\n\n\n<p><a href=\"https:\/\/dmmp.upb.ro\/index.php\/comunicari-stiintifice-2020\/\" target=\"_blank\" rel=\"noreferrer noopener\">Sesiunea de Comunicari Stiintifice Studentesti 2020<\/a><\/p>\n","protected":false},"excerpt":{"rendered":"<p>Sesiunea de Comunicari Stiintifice Studentesti 2021 \u00cen ziua de 14 mai 2021 a avut loc la Departamentul Mecatronic\u0103 \u0219i Mecanic\u0103 de Precizie din cadrul Facult\u0103\u0163ii de Inginerie Mecanic\u0103 \u015fi Mecatronic\u0103, Sesiunea de Comunic\u0103ri \u015etiin\u0163ifice Studen\u0163e\u015fti 2021. Sec\u0163iunea 05 \u2013 5, Mecanic\u0103 fin\u0103 \u0219i nanotehnologii LUCRARI:Lucr\u0103ri \u00eenscrise ini\u0163ial: 40Lucr\u0103ri \u00eenscrise ulterior: 0Lucr\u0103ri neprezentate: 14Lucr\u0103ri acceptate, prezentate<\/p>\n<p class=\"more-link\"><a href=\"https:\/\/dmmp.upb.ro\/index.php\/comunicari-stiintifice-2021\/\" class=\"themebutton\">Read More<\/a><\/p>\n","protected":false},"author":1,"featured_media":0,"parent":0,"menu_order":0,"comment_status":"closed","ping_status":"closed","template":"","meta":{"footnotes":""},"class_list":["post-57","page","type-page","status-publish","hentry"],"_links":{"self":[{"href":"https:\/\/dmmp.upb.ro\/index.php\/wp-json\/wp\/v2\/pages\/57","targetHints":{"allow":["GET"]}}],"collection":[{"href":"https:\/\/dmmp.upb.ro\/index.php\/wp-json\/wp\/v2\/pages"}],"about":[{"href":"https:\/\/dmmp.upb.ro\/index.php\/wp-json\/wp\/v2\/types\/page"}],"author":[{"embeddable":true,"href":"https:\/\/dmmp.upb.ro\/index.php\/wp-json\/wp\/v2\/users\/1"}],"replies":[{"embeddable":true,"href":"https:\/\/dmmp.upb.ro\/index.php\/wp-json\/wp\/v2\/comments?post=57"}],"version-history":[{"count":16,"href":"https:\/\/dmmp.upb.ro\/index.php\/wp-json\/wp\/v2\/pages\/57\/revisions"}],"predecessor-version":[{"id":238,"href":"https:\/\/dmmp.upb.ro\/index.php\/wp-json\/wp\/v2\/pages\/57\/revisions\/238"}],"wp:attachment":[{"href":"https:\/\/dmmp.upb.ro\/index.php\/wp-json\/wp\/v2\/media?parent=57"}],"curies":[{"name":"wp","href":"https:\/\/api.w.org\/{rel}","templated":true}]}}