{"id":63,"date":"2022-04-06T18:50:52","date_gmt":"2022-04-06T18:50:52","guid":{"rendered":"http:\/\/dmmp.upb.ro\/?page_id=63"},"modified":"2022-04-06T19:05:31","modified_gmt":"2022-04-06T19:05:31","slug":"comunicari-stiintifice-2020","status":"publish","type":"page","link":"https:\/\/dmmp.upb.ro\/index.php\/comunicari-stiintifice-2020\/","title":{"rendered":"Comunicari Stiintifice 2020"},"content":{"rendered":"\n<h1 class=\"wp-block-heading\">Sesiunea de Comunicari Stiintifice Studentesti 2020<\/h1>\n\n\n\n<p>\u00cen ziua de 8 mai 2020 a avut loc la Departamentul Mecatronic\u0103 \u0219i Mecanic\u0103 de Precizie din cadrul Facult\u0103\u0163ii de Inginerie Mecanic\u0103 \u015fi Mecatronic\u0103, Sesiunea de Comunic\u0103ri \u015etiin\u0163ifice Studen\u0163e\u015fti 2020.<\/p>\n\n\n\n<div class=\"wp-block-image\"><figure class=\"aligncenter size-large is-resized\"><img loading=\"lazy\" decoding=\"async\" src=\"https:\/\/dmmp.upb.ro\/wp-content\/uploads\/2022\/04\/SCS2020-1536x864-1-1024x576.png\" alt=\"\" class=\"wp-image-76\" width=\"689\" height=\"387\" srcset=\"https:\/\/dmmp.upb.ro\/wp-content\/uploads\/2022\/04\/SCS2020-1536x864-1-1024x576.png 1024w, https:\/\/dmmp.upb.ro\/wp-content\/uploads\/2022\/04\/SCS2020-1536x864-1-300x169.png 300w, https:\/\/dmmp.upb.ro\/wp-content\/uploads\/2022\/04\/SCS2020-1536x864-1-768x432.png 768w, https:\/\/dmmp.upb.ro\/wp-content\/uploads\/2022\/04\/SCS2020-1536x864-1.png 1536w\" sizes=\"auto, (max-width: 689px) 100vw, 689px\" \/><\/figure><\/div>\n\n\n\n<p><strong>Sec\u0163iunea 05 \u2013 5, Mecanic\u0103 fin\u0103 \u0219i nanotehnologii<\/strong><\/p>\n\n\n\n<p><strong>LUCRARI:<br><\/strong>Lucr\u0103ri \u00eenscrise ini\u0163ial: 28Lucr\u0103ri \u00eenscrise ulterior: 0<br>Lucr\u0103ri neprezentate: 10<br>Lucr\u0103ri acceptate, prezentate \u015fi sus\u0163inute: 18<\/p>\n\n\n\n<p><strong>COMISIA DE EXAMINARE:<\/strong><br>Conf. dr. ing. Ciprian RIZESCU \u2013 Pre\u015fedinte<br>Conf. dr. ing. Daniel BESNEA<br>Conf. dr. ing. Daniel BESNEA<br>\u0218.l. dr. ing. Lucian BOGATU<br>As.drd.ing. Edgar MORARU \u2013 Secretar<\/p>\n\n\n\n<p><strong>PREMII:<\/strong><br><strong>Premiul I \u00een valoare de 400 lei pentru lucrarea:<\/strong><br>Proiectarea \u0219i executarea unui stand pentru studiul polariz\u0103rii luminii<br>Student: Catana Roxana, Facultatea Inginerie Mecanic\u0103 \u0219i Mecatronic\u0103<br>Conduc\u0103tori \u0219tiin\u021bifici: conf.dr.ing. Rizescu Ciprian Ion \u0219i \u0219.l.dr.ing. Ciobanu Robert Romeo, Departamentul Mecatronic\u0103 \u0219i Mecanic\u0103 de Precizie<\/p>\n\n\n\n<p><strong>Premiul II \u00een valoare de 300 lei pentru lucrarea:<\/strong><br>Proiectarea \u0219i prototiparea unor robo\u021bi destina\u021bi trasportului \u00een depozite<br>Student: Baciu David-Eugen, Facultatea Inginerie Mecanic\u0103 \u0219i Mecatronic\u0103<br>Conduc\u0103tori \u0219tiin\u021bifici: \u0219.l.dr.ing. Udrea Ioana \u0219i \u0219.l.dr.ing. Alionte Cristian Gabriel, Departamentul Mecatronic\u0103 \u0219i Mecanic\u0103 de Precizie<\/p>\n\n\n\n<p><strong>Premiul III \u00een valoare de 200 lei pentru lucrarea:<\/strong><br>Proiectarea unui dispozitiv mecatronic alimentat cu energie solar\u0103 pentru tunderea gazonului<br>Student: Dr\u0103ghiciu Andrei-Sebastian, Facultatea Inginerie Mecanic\u0103 \u0219i Mecatronic\u0103<br>Conduc\u0103tor \u0219tiin\u021bific: conf.dr.ing. Rizescu Ciprian Ion, Departamentul Mecatronic\u0103 \u0219i Mecanic\u0103 de Precizie<\/p>\n\n\n\n<p><strong>Men\u0163iune \u00een valoare de 100 lei pentru lucrarea:<\/strong><br>Studiu privind robotii p\u0103\u0219itori<br>Studen\u021bi: Georgiana Georgescu \u0219i Ionescu Anemona, Facultatea Inginerie Mecanic\u0103 \u0219i Mecatronic\u0103<br>Conduc\u0103tori \u0219tiin\u021bifici: \u0219.l.dr.ing. Udrea Ioana \u0219i \u0219.l.dr.ing. Alionte Cristian Gabriel, Departamentul Mecatronic\u0103 \u0219i Mecanic\u0103 de Precizie<\/p>\n\n\n\n<p><strong>Sec\u021biunea 05 \u2013 4, Mecatronic\u0103<\/strong><\/p>\n\n\n\n<p><strong>LUCRARI:<\/strong><br>Lucr\u0103ri \u00eenscrise ini\u021bial: 32<br>Lucr\u0103ri \u00eenscrise ulterior: 0<br>Lucr\u0103ri neprezentate: 7<br>Lucr\u0103ri acceptate, prezentate \u015fi sus\u0163inute: 25<\/p>\n\n\n\n<p><strong>COMISIA DE EXAMINARE:<\/strong><br>Conf. dr. ing. Bogdan GR\u0102MESCU \u2013 Pre\u0219edinte<br>\u0218.l. dr. ing. Adrian CARTAL<br>\u0218.l. dr. ing. Viorel GHEORGHE<br>\u0218.l. dr. ing. Victor CONSTANTIN<br>Secretar, asist. univ. drd. ing. Philip COAND\u0102<\/p>\n\n\n\n<p><strong>PREMII:<\/strong><br><strong>Premiul I \u00een valoare de 400 lei pentru lucrarea:<\/strong><br>Robot de mapare autonom<br>Student: Hanganu Vlad Andrei<br>Conduc\u0103tor \u0219tiin\u021bific: \u0219.l. dr. ing. Constantin Victor, Departamentul Mecatronic\u0103 \u0219i Mecanic\u0103 de Precizie<\/p>\n\n\n\n<p><strong>Premiul II \u00een valoare de 300 lei pentru lucrarea:<\/strong><br>Dispozitiv pentru sterilizarea bancnotelor<br>Student: Gavril\u0103 Sebastian-Marius<br>Conduc\u0103tor \u0219tiin\u021bific: \u0219.l.dr.ing. Ciobanu Robert Romeo<\/p>\n\n\n\n<p><strong>Premiul III \u00een valoare de 200 lei pentru lucrarea:<\/strong><br>Sistem automatizat pentru reglarea adaptiva a tura\u021biei unui ventilator \u00een func\u021bie de temperatur\u0103<br>Student: Dragomir R\u0103zvan<br>Conduc\u0103tori \u0219tiin\u021bifici: \u0219.l.dr.ing. Petrache Silviu \u0219i \u0219.l.dr.ing Gheorghe Viorel<br>Men\u0163iune \u00een valoare de 100 lei pentru lucrarea:<br>Cercet\u0103ri privind sistemele de ventila\u021bie mecanic\u0103 pentru pacien\u021bi cu insuficien\u021b\u0103 respiratorie<br>Studen\u021bi: \u0218onel C\u0103t\u0103lin-Gabriel, \u021au\u021buianu Andrei, Cristea Robert-Valentin<br>Conduc\u0103tor \u0219tiin\u021bific: as.drd.ing. Edgar Moraru<\/p>\n\n\n\n<p><strong>Sec\u0163iunea 05 \u2013 06, Optometrie<\/strong><\/p>\n\n\n\n<p><strong>LUCRARI:<\/strong><br>Lucr\u0103ri \u00eenscrise ini\u0163ial: 36<br>Lucr\u0103ri \u00eenscrise ulterior: 37<br>Lucr\u0103ri neprezentate: 0<br>Lucr\u0103ri acceptate, prezentate \u015fi sus\u0163inute: 37<\/p>\n\n\n\n<p><strong>COMISIA DE EXAMINARE:<\/strong><br>\u0218.l. dr. ing. Cristian Alionte \u2013 Pre\u015fedinte<br>\u0218.l. dr. ing. Dana Rizescu-Membru<br>\u0218.l. dr. ing. Titi Pascu-Membru<br>\u0218.l. dr. ing. Ioana Udrea-Membru<br>\u0218.l. dr. ing. Robert Ciobanu-Secretar<\/p>\n\n\n\n<p><strong>PREMII:<\/strong><br><strong>Premiul I \u00een valoare de 400 lei pentru lucrarea:<\/strong><br>Perimetria \u00een optometrie- Scarlat Roxana<\/p>\n\n\n\n<p><strong>Premiul II \u00een valoare de 300 lei pentru lucrarea:<\/strong><br>Refrac\u021bia sub ciclopegie versus f\u0103r\u0103 ciclopegie- Dando\u0219 Ana Maria<\/p>\n\n\n\n<p><strong>Premiul III \u00een valoare de 200 lei pentru lucrarea:<\/strong><br>Studiu privind designul ramelor de ochelari- Fenghia Oana Andreea<\/p>\n\n\n\n<p><strong>Men\u0163iune \u00een valoare de 100 lei pentru lucrarea:<\/strong><br>Studiu privind compensarea anizometropiei- C\u0103r\u0103u\u015f Mihaela-Cristina \u0219i Negoi\u021b\u0103 Alexandra-Valentina<\/p>\n","protected":false},"excerpt":{"rendered":"<p>Sesiunea de Comunicari Stiintifice Studentesti 2020 \u00cen ziua de 8 mai 2020 a avut loc la Departamentul Mecatronic\u0103 \u0219i Mecanic\u0103 de Precizie din cadrul Facult\u0103\u0163ii de Inginerie Mecanic\u0103 \u015fi Mecatronic\u0103, Sesiunea de Comunic\u0103ri \u015etiin\u0163ifice Studen\u0163e\u015fti 2020. Sec\u0163iunea 05 \u2013 5, Mecanic\u0103 fin\u0103 \u0219i nanotehnologii LUCRARI:Lucr\u0103ri \u00eenscrise ini\u0163ial: 28Lucr\u0103ri \u00eenscrise ulterior: 0Lucr\u0103ri neprezentate: 10Lucr\u0103ri acceptate, prezentate<\/p>\n<p class=\"more-link\"><a href=\"https:\/\/dmmp.upb.ro\/index.php\/comunicari-stiintifice-2020\/\" class=\"themebutton\">Read More<\/a><\/p>\n","protected":false},"author":1,"featured_media":0,"parent":0,"menu_order":0,"comment_status":"closed","ping_status":"closed","template":"","meta":{"footnotes":""},"class_list":["post-63","page","type-page","status-publish","hentry"],"_links":{"self":[{"href":"https:\/\/dmmp.upb.ro\/index.php\/wp-json\/wp\/v2\/pages\/63","targetHints":{"allow":["GET"]}}],"collection":[{"href":"https:\/\/dmmp.upb.ro\/index.php\/wp-json\/wp\/v2\/pages"}],"about":[{"href":"https:\/\/dmmp.upb.ro\/index.php\/wp-json\/wp\/v2\/types\/page"}],"author":[{"embeddable":true,"href":"https:\/\/dmmp.upb.ro\/index.php\/wp-json\/wp\/v2\/users\/1"}],"replies":[{"embeddable":true,"href":"https:\/\/dmmp.upb.ro\/index.php\/wp-json\/wp\/v2\/comments?post=63"}],"version-history":[{"count":7,"href":"https:\/\/dmmp.upb.ro\/index.php\/wp-json\/wp\/v2\/pages\/63\/revisions"}],"predecessor-version":[{"id":81,"href":"https:\/\/dmmp.upb.ro\/index.php\/wp-json\/wp\/v2\/pages\/63\/revisions\/81"}],"wp:attachment":[{"href":"https:\/\/dmmp.upb.ro\/index.php\/wp-json\/wp\/v2\/media?parent=63"}],"curies":[{"name":"wp","href":"https:\/\/api.w.org\/{rel}","templated":true}]}}